{"id":8,"date":"2025-04-03T21:18:45","date_gmt":"2025-04-03T21:18:45","guid":{"rendered":"https:\/\/web.fehler.cl\/?page_id=8"},"modified":"2025-04-17T21:36:33","modified_gmt":"2025-04-17T21:36:33","slug":"para-que-nace-fehler","status":"publish","type":"page","link":"https:\/\/web.fehler.cl\/","title":{"rendered":"\u00bfPara que nace Fehler?"},"content":{"rendered":"\t\t<div data-elementor-type=\"wp-page\" data-elementor-id=\"8\" class=\"elementor elementor-8\" data-elementor-post-type=\"page\">\n\t\t\t\t<div class=\"elementor-element elementor-element-e53cd4f e-con-full e-flex e-con e-parent\" data-id=\"e53cd4f\" data-element_type=\"container\">\n\t\t\t\t<div class=\"elementor-element elementor-element-ebc3244 elementor--h-position-center elementor--v-position-middle elementor-arrows-position-inside elementor-pagination-position-inside elementor-widget elementor-widget-slides\" data-id=\"ebc3244\" data-element_type=\"widget\" data-settings=\"{&quot;navigation&quot;:&quot;both&quot;,&quot;autoplay&quot;:&quot;yes&quot;,&quot;pause_on_hover&quot;:&quot;yes&quot;,&quot;pause_on_interaction&quot;:&quot;yes&quot;,&quot;autoplay_speed&quot;:5000,&quot;infinite&quot;:&quot;yes&quot;,&quot;transition&quot;:&quot;slide&quot;,&quot;transition_speed&quot;:500}\" data-widget_type=\"slides.default\">\n\t\t\t\t<div class=\"elementor-widget-container\">\n\t\t\t\t\t<div class=\"elementor-swiper\">\n\t\t\t<div class=\"elementor-slides-wrapper elementor-main-swiper swiper\" dir=\"ltr\" data-animation=\"fadeInUp\">\n\t\t\t\t<div class=\"swiper-wrapper elementor-slides\">\n\t\t\t\t\t\t\t\t\t\t<div class=\"elementor-repeater-item-42d6229 swiper-slide\"><div class=\"swiper-slide-bg\" role=\"img\"><\/div><div class=\"swiper-slide-inner\" ><div class=\"swiper-slide-contents\"><\/div><\/div><\/div>\t\t\t\t<\/div>\n\t\t\t\t\t\t\t<\/div>\n\t\t<\/div>\n\t\t\t\t<\/div>\n\t\t\t\t<\/div>\n\t\t\t\t<\/div>\n\t\t<div class=\"elementor-element elementor-element-aa9d12c e-flex e-con-boxed e-con e-parent\" data-id=\"aa9d12c\" data-element_type=\"container\">\n\t\t\t\t\t<div class=\"e-con-inner\">\n\t\t<div class=\"elementor-element elementor-element-69f278a e-con-full e-flex e-con e-child\" data-id=\"69f278a\" data-element_type=\"container\">\n\t\t\t\t<div class=\"elementor-element elementor-element-786b5dd elementor-widget elementor-widget-image\" data-id=\"786b5dd\" data-element_type=\"widget\" data-widget_type=\"image.default\">\n\t\t\t\t<div class=\"elementor-widget-container\">\n\t\t\t\t\t\t\t\t\t\t\t\t\t<img fetchpriority=\"high\" decoding=\"async\" width=\"306\" height=\"307\" src=\"https:\/\/web.fehler.cl\/wp-content\/uploads\/2025\/04\/para-que-nacer.png\" class=\"attachment-large size-large wp-image-250\" alt=\"\" srcset=\"https:\/\/web.fehler.cl\/wp-content\/uploads\/2025\/04\/para-que-nacer.png 306w, https:\/\/web.fehler.cl\/wp-content\/uploads\/2025\/04\/para-que-nacer-300x300.png 300w, https:\/\/web.fehler.cl\/wp-content\/uploads\/2025\/04\/para-que-nacer-150x150.png 150w\" sizes=\"(max-width: 306px) 100vw, 306px\" \/>\t\t\t\t\t\t\t\t\t\t\t\t\t<\/div>\n\t\t\t\t<\/div>\n\t\t\t\t<\/div>\n\t\t<div class=\"elementor-element elementor-element-30bbdfe e-con-full e-flex e-con e-child\" data-id=\"30bbdfe\" data-element_type=\"container\">\n\t\t\t\t<div class=\"elementor-element elementor-element-f0ecf12 elementor-widget__width-initial elementor-widget elementor-widget-image\" data-id=\"f0ecf12\" data-element_type=\"widget\" data-widget_type=\"image.default\">\n\t\t\t\t<div class=\"elementor-widget-container\">\n\t\t\t\t\t\t\t\t\t\t\t\t\t<img decoding=\"async\" width=\"582\" height=\"310\" src=\"https:\/\/web.fehler.cl\/wp-content\/uploads\/2025\/04\/tipos-de-fumigaciones.png\" class=\"attachment-large size-large wp-image-251\" alt=\"\" srcset=\"https:\/\/web.fehler.cl\/wp-content\/uploads\/2025\/04\/tipos-de-fumigaciones.png 582w, https:\/\/web.fehler.cl\/wp-content\/uploads\/2025\/04\/tipos-de-fumigaciones-300x160.png 300w\" sizes=\"(max-width: 582px) 100vw, 582px\" \/>\t\t\t\t\t\t\t\t\t\t\t\t\t<\/div>\n\t\t\t\t<\/div>\n\t\t\t\t<\/div>\n\t\t<div class=\"elementor-element elementor-element-72c8665 e-con-full e-flex e-con e-child\" data-id=\"72c8665\" data-element_type=\"container\">\n\t\t\t\t<div class=\"elementor-element elementor-element-b8e08e0 elementor-widget__width-initial elementor-widget elementor-widget-text-editor\" data-id=\"b8e08e0\" data-element_type=\"widget\" data-widget_type=\"text-editor.default\">\n\t\t\t\t<div class=\"elementor-widget-container\">\n\t\t\t\t\t\t\t<p>Fehler Fumigaciones, nace de la necesidad de un selecto grupo de clientes que buscan satisfacer sus necesidades de servicio de\u00a0 control de plagas,\u00a0 a trav\u00e9s de una empresa confiable, profesional y directa en sus requerimientos.<\/p><p>Una empresa que busque alternativas de soluci\u00f3n a sus problemas de plagas sin\u00a0 que estas causen da\u00f1os o retrasos a su propia operaci\u00f3n y que sean imperceptibles por el personal que labora en la compa\u00f1\u00eda.<\/p><p>Una organizaci\u00f3n seria y responsable que se preocupe de cumplir todos los\u00a0 est\u00e1ndares de calidad para el cuidado del medioambiente.<\/p>\t\t\t\t\t\t<\/div>\n\t\t\t\t<\/div>\n\t\t\t\t<\/div>\n\t\t\t\t\t<\/div>\n\t\t\t\t<\/div>\n\t\t\t\t<\/div>\n\t\t","protected":false},"excerpt":{"rendered":"<p>Fehler Fumigaciones, nace de la necesidad de un selecto grupo de clientes que buscan satisfacer sus necesidades de servicio de\u00a0 [&hellip;]<\/p>\n","protected":false},"author":1,"featured_media":0,"parent":0,"menu_order":0,"comment_status":"closed","ping_status":"closed","template":"","meta":{"site-sidebar-layout":"no-sidebar","site-content-layout":"","ast-site-content-layout":"full-width-container","site-content-style":"default","site-sidebar-style":"default","ast-global-header-display":"","ast-banner-title-visibility":"","ast-main-header-display":"","ast-hfb-above-header-display":"","ast-hfb-below-header-display":"","ast-hfb-mobile-header-display":"","site-post-title":"disabled","ast-breadcrumbs-content":"","ast-featured-img":"disabled","footer-sml-layout":"","theme-transparent-header-meta":"","adv-header-id-meta":"","stick-header-meta":"","header-above-stick-meta":"","header-main-stick-meta":"","header-below-stick-meta":"","astra-migrate-meta-layouts":"default","ast-page-background-enabled":"default","ast-page-background-meta":{"desktop":{"background-color":"var(--ast-global-color-5)","background-image":"","background-repeat":"repeat","background-position":"center center","background-size":"auto","background-attachment":"scroll","background-type":"","background-media":"","overlay-type":"","overlay-color":"","overlay-opacity":"","overlay-gradient":""},"tablet":{"background-color":"","background-image":"","background-repeat":"repeat","background-position":"center center","background-size":"auto","background-attachment":"scroll","background-type":"","background-media":"","overlay-type":"","overlay-color":"","overlay-opacity":"","overlay-gradient":""},"mobile":{"background-color":"","background-image":"","background-repeat":"repeat","background-position":"center center","background-size":"auto","background-attachment":"scroll","background-type":"","background-media":"","overlay-type":"","overlay-color":"","overlay-opacity":"","overlay-gradient":""}},"ast-content-background-meta":{"desktop":{"background-color":"var(--ast-global-color-4)","background-image":"","background-repeat":"repeat","background-position":"center center","background-size":"auto","background-attachment":"scroll","background-type":"","background-media":"","overlay-type":"","overlay-color":"","overlay-opacity":"","overlay-gradient":""},"tablet":{"background-color":"var(--ast-global-color-4)","background-image":"","background-repeat":"repeat","background-position":"center center","background-size":"auto","background-attachment":"scroll","background-type":"","background-media":"","overlay-type":"","overlay-color":"","overlay-opacity":"","overlay-gradient":""},"mobile":{"background-color":"var(--ast-global-color-4)","background-image":"","background-repeat":"repeat","background-position":"center center","background-size":"auto","background-attachment":"scroll","background-type":"","background-media":"","overlay-type":"","overlay-color":"","overlay-opacity":"","overlay-gradient":""}},"footnotes":""},"class_list":["post-8","page","type-page","status-publish","hentry"],"_links":{"self":[{"href":"https:\/\/web.fehler.cl\/index.php\/wp-json\/wp\/v2\/pages\/8","targetHints":{"allow":["GET"]}}],"collection":[{"href":"https:\/\/web.fehler.cl\/index.php\/wp-json\/wp\/v2\/pages"}],"about":[{"href":"https:\/\/web.fehler.cl\/index.php\/wp-json\/wp\/v2\/types\/page"}],"author":[{"embeddable":true,"href":"https:\/\/web.fehler.cl\/index.php\/wp-json\/wp\/v2\/users\/1"}],"replies":[{"embeddable":true,"href":"https:\/\/web.fehler.cl\/index.php\/wp-json\/wp\/v2\/comments?post=8"}],"version-history":[{"count":130,"href":"https:\/\/web.fehler.cl\/index.php\/wp-json\/wp\/v2\/pages\/8\/revisions"}],"predecessor-version":[{"id":447,"href":"https:\/\/web.fehler.cl\/index.php\/wp-json\/wp\/v2\/pages\/8\/revisions\/447"}],"wp:attachment":[{"href":"https:\/\/web.fehler.cl\/index.php\/wp-json\/wp\/v2\/media?parent=8"}],"curies":[{"name":"wp","href":"https:\/\/api.w.org\/{rel}","templated":true}]}}